{"id":22,"date":"2025-06-10T18:38:15","date_gmt":"2025-06-11T00:38:15","guid":{"rendered":"https:\/\/nueva.nomadictotem.com\/?page_id=22"},"modified":"2025-09-30T12:33:25","modified_gmt":"2025-09-30T18:33:25","slug":"what-we-do","status":"publish","type":"page","link":"https:\/\/www.nomadictotem.com\/en\/what-we-do\/","title":{"rendered":"| What We Do |"},"content":{"rendered":"<p>[et_pb_section fb_built=&#8221;1&#8243; _builder_version=&#8221;4.27.4&#8243; _module_preset=&#8221;default&#8221; custom_padding=&#8221;0px|||||&#8221; global_colors_info=&#8221;{}&#8221;][et_pb_row _builder_version=&#8221;4.27.4&#8243; _module_preset=&#8221;default&#8221; custom_padding=&#8221;0px|||||&#8221; global_colors_info=&#8221;{}&#8221;][et_pb_column type=&#8221;4_4&#8243; _builder_version=&#8221;4.27.4&#8243; _module_preset=&#8221;default&#8221; global_colors_info=&#8221;{}&#8221;][et_pb_image src=&#8221;https:\/\/nueva.nomadictotem.com\/wp-content\/uploads\/2025\/06\/wwdo_01-e1749623417134.jpeg&#8221; title_text=&#8221;wwdo_01&#8243; _builder_version=&#8221;4.27.4&#8243; _module_preset=&#8221;default&#8221; global_colors_info=&#8221;{}&#8221;][\/et_pb_image][\/et_pb_column][\/et_pb_row][et_pb_row column_structure=&#8221;1_2,1_2&#8243; _builder_version=&#8221;4.27.4&#8243; _module_preset=&#8221;default&#8221; custom_margin=&#8221;11px|auto||auto||&#8221; global_colors_info=&#8221;{}&#8221;][et_pb_column type=&#8221;1_2&#8243; _builder_version=&#8221;4.27.4&#8243; _module_preset=&#8221;default&#8221; global_colors_info=&#8221;{}&#8221;][et_pb_text _builder_version=&#8221;4.27.4&#8243; _module_preset=&#8221;default&#8221; text_font_size=&#8221;17px&#8221; header_2_font_size=&#8221;20px&#8221; custom_padding=&#8221;20px|20px|20px|20px|true|true&#8221; global_colors_info=&#8221;{}&#8221;]<\/p>\n<h2><span style=\"color: #9b274a; font-size: 32px;\">meetings:<\/span><\/h2>\n<h2>Make your Meetings and Business Work!<\/h2>\n<hr \/>\n<p style=\"text-align: justify;\">Designed to foster collaboration and team spirit in unique locations, so that meetings go beyond just presentations.\nWe make your meetings meaningful and innovative. Knowing your business deserves attention, we've developed comprehensive solutions for managing all types of meetings in unimaginable places, connecting with nature and the essence of each site\u2014aiming to create the best personalized experience to ensure the success of your meeting through immersive experiences.<\/p>\n<p>*Transcend, share, and never stop learning.<\/p>\n<p>[\/et_pb_text][\/et_pb_column][et_pb_column type=&#8221;1_2&#8243; _builder_version=&#8221;4.27.4&#8243; _module_preset=&#8221;default&#8221; global_colors_info=&#8221;{}&#8221;][et_pb_image src=&#8221;https:\/\/nueva.nomadictotem.com\/wp-content\/uploads\/2025\/06\/wwdo_reuniones.jpeg&#8221; title_text=&#8221;wwdo_reuniones&#8221; force_fullwidth=&#8221;on&#8221; _builder_version=&#8221;4.27.4&#8243; _module_preset=&#8221;default&#8221; custom_margin=&#8221;|0px||0px|true|true&#8221; custom_padding=&#8221;20px|20px|20px|20px|true|true&#8221; animation_style=&#8221;fade&#8221; global_colors_info=&#8221;{}&#8221;][\/et_pb_image][\/et_pb_column][\/et_pb_row][et_pb_row column_structure=&#8221;1_2,1_2&#8243; _builder_version=&#8221;4.27.4&#8243; _module_preset=&#8221;default&#8221; custom_margin=&#8221;8px|auto||auto||&#8221; locked=&#8221;off&#8221; global_colors_info=&#8221;{}&#8221;][et_pb_column type=&#8221;1_2&#8243; _builder_version=&#8221;4.27.4&#8243; _module_preset=&#8221;default&#8221; global_colors_info=&#8221;{}&#8221;][et_pb_image src=&#8221;https:\/\/nueva.nomadictotem.com\/wp-content\/uploads\/2025\/06\/wwdo_incentivos.jpeg&#8221; title_text=&#8221;wwdo_incentivos&#8221; force_fullwidth=&#8221;on&#8221; _builder_version=&#8221;4.27.4&#8243; _module_preset=&#8221;default&#8221; custom_margin=&#8221;|0px||0px|true|true&#8221; custom_padding=&#8221;20px|20px|20px|20px|true|true&#8221; animation_style=&#8221;fade&#8221; global_colors_info=&#8221;{}&#8221;][\/et_pb_image][\/et_pb_column][et_pb_column type=&#8221;1_2&#8243; _builder_version=&#8221;4.27.4&#8243; _module_preset=&#8221;default&#8221; global_colors_info=&#8221;{}&#8221;][et_pb_text _builder_version=&#8221;4.27.4&#8243; _module_preset=&#8221;default&#8221; text_font_size=&#8221;17px&#8221; header_2_font_size=&#8221;20px&#8221; custom_padding=&#8221;20px|20px|20px|20px|true|true&#8221; global_colors_info=&#8221;{}&#8221;]<\/p>\n<h2><span style=\"color: #9b274a; font-size: 32px;\">incentives:<\/span><\/h2>\n<h2>Locally Inspired Creative Travel Experiences<\/h2>\n<hr \/>\n<p style=\"text-align: justify;\">Let\u2019s transform your incentive trips into unforgettable group journeys. Imagine, create, and inspire with a guiding thread that leads us to the desired results.\nThrough a one-of-a-kind incentive journey filled with human reconnection and meaningful interaction with the destination, your corporate tribe will be motivated through mindfulness and gratitude.<\/p>\n<p style=\"text-align: justify;\">*Revitalize your workplace, take risks, and inspire to your advantage.<\/p>\n<p>[\/et_pb_text][\/et_pb_column][\/et_pb_row][et_pb_row column_structure=&#8221;1_2,1_2&#8243; _builder_version=&#8221;4.27.4&#8243; _module_preset=&#8221;default&#8221; custom_margin=&#8221;6px|auto||auto||&#8221; locked=&#8221;off&#8221; global_colors_info=&#8221;{}&#8221;][et_pb_column type=&#8221;1_2&#8243; _builder_version=&#8221;4.27.4&#8243; _module_preset=&#8221;default&#8221; global_colors_info=&#8221;{}&#8221;][et_pb_text _builder_version=&#8221;4.27.4&#8243; _module_preset=&#8221;default&#8221; text_font_size=&#8221;17px&#8221; header_2_font_size=&#8221;20px&#8221; custom_padding=&#8221;20px|20px|20px|20px|true|true&#8221; global_colors_info=&#8221;{}&#8221;]<\/p>\n<h2><span style=\"color: #9b274a; font-size: 32px;\">conventions:<\/span><\/h2>\n<h2>Be Part of the Community!<\/h2>\n<hr \/>\n<p style=\"text-align: justify;\">We are always dedicated to curating experiences that not only meet corporate goals but also celebrate the beauty and cultural richness of each destination.\nLet\u2019s reimagine your convention from a new, innovative, and disruptive perspective!\nLet\u2019s step into nature, decode outdated concepts, and co-create a new identity code. Let\u2019s connect to be and to build teams; belonging to a new, co-created community.\nLet\u2019s visualize a new path where there is none\u2014and make it happen through innovative ideas and creatively curated local experiences tailored to your needs, together with each destination's community.<\/p>\n<p style=\"text-align: justify;\">*Identify new challenges and goals\u2014and let\u2019s reach them together.<\/p>\n<p>[\/et_pb_text][\/et_pb_column][et_pb_column type=&#8221;1_2&#8243; _builder_version=&#8221;4.27.4&#8243; _module_preset=&#8221;default&#8221; global_colors_info=&#8221;{}&#8221;][et_pb_image src=&#8221;https:\/\/nueva.nomadictotem.com\/wp-content\/uploads\/2025\/06\/wwdo_convenciones.jpeg&#8221; alt=&#8221;Convenciones&#8221; title_text=&#8221;wwdo_reuniones&#8221; force_fullwidth=&#8221;on&#8221; _builder_version=&#8221;4.27.4&#8243; _module_preset=&#8221;default&#8221; custom_margin=&#8221;|0px||0px|true|true&#8221; custom_padding=&#8221;20px|20px|20px|20px|true|true&#8221; animation_style=&#8221;fade&#8221; global_colors_info=&#8221;{}&#8221;][\/et_pb_image][\/et_pb_column][\/et_pb_row][et_pb_row column_structure=&#8221;1_2,1_2&#8243; _builder_version=&#8221;4.27.4&#8243; _module_preset=&#8221;default&#8221; custom_margin=&#8221;8px|auto||auto||&#8221; locked=&#8221;off&#8221; global_colors_info=&#8221;{}&#8221;][et_pb_column type=&#8221;1_2&#8243; _builder_version=&#8221;4.27.4&#8243; _module_preset=&#8221;default&#8221; global_colors_info=&#8221;{}&#8221;][et_pb_image src=&#8221;https:\/\/nueva.nomadictotem.com\/wp-content\/uploads\/2025\/06\/wwdo_eventos.jpeg&#8221; title_text=&#8221;wwdo_eventos&#8221; force_fullwidth=&#8221;on&#8221; _builder_version=&#8221;4.27.4&#8243; _module_preset=&#8221;default&#8221; custom_margin=&#8221;|0px||0px|true|true&#8221; custom_padding=&#8221;20px|20px|20px|20px|true|true&#8221; animation_style=&#8221;fade&#8221; global_colors_info=&#8221;{}&#8221;][\/et_pb_image][\/et_pb_column][et_pb_column type=&#8221;1_2&#8243; _builder_version=&#8221;4.27.4&#8243; _module_preset=&#8221;default&#8221; global_colors_info=&#8221;{}&#8221;][et_pb_text _builder_version=&#8221;4.27.4&#8243; _module_preset=&#8221;default&#8221; text_font_size=&#8221;17px&#8221; header_2_font_size=&#8221;20px&#8221; custom_padding=&#8221;20px|20px|20px|20px|true|true&#8221; global_colors_info=&#8221;{}&#8221;]<\/p>\n<h2><span style=\"color: #9b274a; font-size: 32px;\">events:<\/span><\/h2>\n<h2>Comprehensive Solution for Planning a Remarkable Moment<\/h2>\n<hr \/>\n<p style=\"text-align: justify;\">We are the comprehensive solution for planning and operating corporate events, backed by our robust network and strong relationships in the meetings and events tourism industry.\nThe essence of Nom\u00e1dic T\u00f3tem is rooted in authenticity and respect for local talent.\nWe create imaginative events with high-quality, personalized service and cutting-edge technology to deliver next-level productions.<\/p>\n<p style=\"text-align: justify;\">*Creativity is imagining, taking risks, breaking rules, having fun, and turning moments into reality\u2026<\/p>\n<p>[\/et_pb_text][\/et_pb_column][\/et_pb_row][et_pb_row _builder_version=&#8221;4.27.4&#8243; _module_preset=&#8221;default&#8221; custom_padding=&#8221;0px|||||&#8221; locked=&#8221;off&#8221; global_colors_info=&#8221;{}&#8221;][et_pb_column type=&#8221;4_4&#8243; _builder_version=&#8221;4.27.4&#8243; _module_preset=&#8221;default&#8221; global_colors_info=&#8221;{}&#8221;][et_pb_image src=&#8221;https:\/\/nueva.nomadictotem.com\/wp-content\/uploads\/2025\/06\/wwdo_02.jpeg&#8221; title_text=&#8221;wwdo_02&#8243; _builder_version=&#8221;4.27.4&#8243; _module_preset=&#8221;default&#8221; custom_margin=&#8221;7px|||||&#8221; global_colors_info=&#8221;{}&#8221;][\/et_pb_image][\/et_pb_column][\/et_pb_row][et_pb_row _builder_version=&#8221;4.27.4&#8243; _module_preset=&#8221;default&#8221; global_colors_info=&#8221;{}&#8221;][et_pb_column type=&#8221;4_4&#8243; _builder_version=&#8221;4.27.4&#8243; _module_preset=&#8221;default&#8221; global_colors_info=&#8221;{}&#8221;][et_pb_text _builder_version=&#8221;4.27.4&#8243; _module_preset=&#8221;default&#8221; text_font_size=&#8221;17px&#8221; header_2_font_size=&#8221;20px&#8221; custom_padding=&#8221;20px|20px|20px|20px|true|true&#8221; locked=&#8221;off&#8221; global_colors_info=&#8221;{}&#8221;]<\/p>\n<h2 style=\"text-align: center;\"><span style=\"color: #9b274a; font-size: 32px;\">exploring local is the new luxury<\/span><\/h2>\n<p style=\"text-align: center;\">Be local, be community, be luxury; be nomadic!<br \/>Reinvent yourself by immersing in a new culture and unleashing your inner traveler. Our travel style is for all kinds of travelers\u2014not tourists\u2014who want to intimately experience the soul of a destination.<\/p>\n<p style=\"text-align: center;\">Our travel programs are fully customized to your profile and travel style, where the reward is found in the moments, places, and people we encounter along the way, creating stories and memories.<\/p>\n<p>[\/et_pb_text][\/et_pb_column][\/et_pb_row][et_pb_row column_structure=&#8221;1_2,1_2&#8243; _builder_version=&#8221;4.27.4&#8243; _module_preset=&#8221;default&#8221; global_colors_info=&#8221;{}&#8221;][et_pb_column type=&#8221;1_2&#8243; _builder_version=&#8221;4.27.4&#8243; _module_preset=&#8221;default&#8221; global_colors_info=&#8221;{}&#8221;][et_pb_image src=&#8221;https:\/\/nueva.nomadictotem.com\/wp-content\/uploads\/2025\/06\/wwdo_03.jpeg&#8221; title_text=&#8221;wwdo_03&#8243; _builder_version=&#8221;4.27.4&#8243; _module_preset=&#8221;default&#8221; custom_padding=&#8221;20px|20px|20px|20px|true|true&#8221; animation_style=&#8221;fade&#8221; global_colors_info=&#8221;{}&#8221;][\/et_pb_image][\/et_pb_column][et_pb_column type=&#8221;1_2&#8243; _builder_version=&#8221;4.27.4&#8243; _module_preset=&#8221;default&#8221; global_colors_info=&#8221;{}&#8221;][et_pb_image src=&#8221;https:\/\/nueva.nomadictotem.com\/wp-content\/uploads\/2025\/06\/wwdo_04.jpeg&#8221; title_text=&#8221;wwdo_04&#8243; _builder_version=&#8221;4.27.4&#8243; _module_preset=&#8221;default&#8221; custom_padding=&#8221;20px|20px|20px|20px|true|true&#8221; animation_style=&#8221;fade&#8221; global_colors_info=&#8221;{}&#8221;][\/et_pb_image][\/et_pb_column][\/et_pb_row][et_pb_row column_structure=&#8221;1_2,1_2&#8243; _builder_version=&#8221;4.27.4&#8243; _module_preset=&#8221;default&#8221; global_colors_info=&#8221;{}&#8221;][et_pb_column type=&#8221;1_2&#8243; _builder_version=&#8221;4.27.4&#8243; _module_preset=&#8221;default&#8221; global_colors_info=&#8221;{}&#8221;][et_pb_text _builder_version=&#8221;4.27.4&#8243; _module_preset=&#8221;default&#8221; text_font_size=&#8221;17px&#8221; header_2_font_size=&#8221;20px&#8221; custom_padding=&#8221;20px|20px|20px|20px|true|true&#8221; global_colors_info=&#8221;{}&#8221;]<\/p>\n<p style=\"text-align: justify;\">We are creators of our own local experiences across M\u00e9xico and in 50 countries worldwide, based on 22+ years of curating local journeys on our amazing planet. We connect directly with the community in each destination living their day to day, in their space and time and transform this magic into carefully curated luxury travel for you.<\/p>\n<p>[\/et_pb_text][et_pb_image src=&#8221;https:\/\/nueva.nomadictotem.com\/wp-content\/uploads\/2025\/06\/wwdo_06.jpeg&#8221; title_text=&#8221;wwdo_06&#8243; _builder_version=&#8221;4.27.4&#8243; _module_preset=&#8221;default&#8221; custom_margin=&#8221;||16px|||&#8221; custom_padding=&#8221;20px|20px|20px|20px|true|true&#8221; animation_style=&#8221;fade&#8221; global_colors_info=&#8221;{}&#8221;][\/et_pb_image][et_pb_text _builder_version=&#8221;4.27.4&#8243; _module_preset=&#8221;default&#8221; text_font_size=&#8221;17px&#8221; header_2_font_size=&#8221;20px&#8221; custom_padding=&#8221;20px|20px|20px|20px|true|true&#8221; global_colors_info=&#8221;{}&#8221;]<\/p>\n<p style=\"text-align: justify;\">Our travel style is an alternative way to live bon-vivant moments\u2014where originality is priceless, and the artisanal, organic, and local come hand in hand with inclusivity that makes exclusivity\u2014and thus, luxury. Our goal is always for your journey to transcend through genuine, unique, and locally rooted experiences.<\/p>\n<p>[\/et_pb_text][\/et_pb_column][et_pb_column type=&#8221;1_2&#8243; _builder_version=&#8221;4.27.4&#8243; _module_preset=&#8221;default&#8221; global_colors_info=&#8221;{}&#8221;][et_pb_image src=&#8221;https:\/\/nueva.nomadictotem.com\/wp-content\/uploads\/2025\/06\/wwdo_05.jpeg&#8221; title_text=&#8221;wwdo_05&#8243; _builder_version=&#8221;4.27.4&#8243; _module_preset=&#8221;default&#8221; custom_padding=&#8221;20px|20px|20px|20px|true|true&#8221; animation_style=&#8221;fade&#8221; global_colors_info=&#8221;{}&#8221;][\/et_pb_image][et_pb_text _builder_version=&#8221;4.27.4&#8243; _module_preset=&#8221;default&#8221; text_font_size=&#8221;17px&#8221; header_2_font_size=&#8221;20px&#8221; custom_padding=&#8221;20px|20px|20px|20px|true|true&#8221; global_colors_info=&#8221;{}&#8221;]<\/p>\n<p style=\"text-align: justify;\">Throughout our journey, we\u2019ve built direct bonds with artisans, fashion designers, traditional cooks and top chefs, entrepreneurs, hoteliers, farmers, painters, sculptors, holistic guides, and even shamans\u2014among many other local talents.\nWe\u2019ve created human connections and friendships that let us experience destinations through cultural authenticity, rich flavors, and historical depth.<\/p>\n<p>[\/et_pb_text][et_pb_image src=&#8221;https:\/\/nueva.nomadictotem.com\/wp-content\/uploads\/2025\/06\/wwdo_07.jpeg&#8221; title_text=&#8221;wwdo_07&#8243; _builder_version=&#8221;4.27.4&#8243; _module_preset=&#8221;default&#8221; custom_padding=&#8221;20px|20px|20px|20px|true|true&#8221; animation_style=&#8221;fade&#8221; global_colors_info=&#8221;{}&#8221;][\/et_pb_image][\/et_pb_column][\/et_pb_row][et_pb_row _builder_version=&#8221;4.27.4&#8243; _module_preset=&#8221;default&#8221; custom_padding=&#8221;0px|||||&#8221; global_colors_info=&#8221;{}&#8221;][et_pb_column type=&#8221;4_4&#8243; _builder_version=&#8221;4.27.4&#8243; _module_preset=&#8221;default&#8221; global_colors_info=&#8221;{}&#8221;][et_pb_text _builder_version=&#8221;4.27.4&#8243; _module_preset=&#8221;default&#8221; text_font_size=&#8221;17px&#8221; header_2_font_size=&#8221;20px&#8221; header_5_text_color=&#8221;#9b2949&#8243; header_5_font_size=&#8221;34px&#8221; custom_padding=&#8221;20px|20px|20px|20px|true|true&#8221; global_colors_info=&#8221;{}&#8221;]<\/p>\n<p style=\"text-align: justify;\">At Nom\u00e1dic T\u00f3tem, we stand out by creating innovative experiences under the strictest standards of quality and sustainability\u2014delving deep into the authentic culture of each region, embracing natural beauty and savoring the richness of its cuisine\u2014to reconnect with our origins and live the local way.\nFor us, traveling locally has become a lifestyle: being in the perfect place, at the perfect time, with the perfect company\u2014even if that means ourselves.\nTurning places and moments into stories worth telling\u2026<\/p>\n<p>Be Nom\u00e1dic!<\/p>\n<p>&nbsp;<\/p>\n<h5 style=\"text-align: center;\">\"Traveling is our lifestyle\u2014aligned with time, places, and moments that become stories.\"<\/h5>\n<h2 style=\"text-align: right;\"><\/h2>\n<h2 style=\"text-align: right;\">N\u00d3MADIC T\u00d3TEM<\/h2>\n<p>[\/et_pb_text][et_pb_video src=&#8221;https:\/\/vimeo.com\/1004987991&#8243; _builder_version=&#8221;4.27.4&#8243; _module_preset=&#8221;default&#8221; width=&#8221;33%&#8221; width_tablet=&#8221;50%&#8221; width_phone=&#8221;50%&#8221; width_last_edited=&#8221;on|tablet&#8221; module_alignment=&#8221;center&#8221; global_colors_info=&#8221;{}&#8221;][\/et_pb_video][\/et_pb_column][\/et_pb_row][\/et_pb_section]<\/p>","protected":false},"excerpt":{"rendered":"<p>reuniones: \u00a1Haz que tus Juntas y Negocios Valgan! Dise\u00f1adas para fomentar la colaboraci\u00f3n y el esp\u00edritu de equipo en lugares \u00fanicos; para hacer que estas reuniones trasciendan m\u00e1s all\u00e1 de una simple presentaci\u00f3n. Haremos que tus reuniones tengan un sentido impactante e innovador. Sabemos que tus negocios merecen atenci\u00f3n, por lo que hemos desarrollado soluciones [&hellip;]<\/p>","protected":false},"author":1,"featured_media":0,"parent":0,"menu_order":0,"comment_status":"closed","ping_status":"closed","template":"","meta":{"_et_pb_use_builder":"on","_et_pb_old_content":"<!-- wp:divi\/placeholder \/-->","_et_gb_content_width":"","footnotes":""},"class_list":["post-22","page","type-page","status-publish","hentry"],"_links":{"self":[{"href":"https:\/\/www.nomadictotem.com\/en\/wp-json\/wp\/v2\/pages\/22","targetHints":{"allow":["GET"]}}],"collection":[{"href":"https:\/\/www.nomadictotem.com\/en\/wp-json\/wp\/v2\/pages"}],"about":[{"href":"https:\/\/www.nomadictotem.com\/en\/wp-json\/wp\/v2\/types\/page"}],"author":[{"embeddable":true,"href":"https:\/\/www.nomadictotem.com\/en\/wp-json\/wp\/v2\/users\/1"}],"replies":[{"embeddable":true,"href":"https:\/\/www.nomadictotem.com\/en\/wp-json\/wp\/v2\/comments?post=22"}],"version-history":[{"count":28,"href":"https:\/\/www.nomadictotem.com\/en\/wp-json\/wp\/v2\/pages\/22\/revisions"}],"predecessor-version":[{"id":735,"href":"https:\/\/www.nomadictotem.com\/en\/wp-json\/wp\/v2\/pages\/22\/revisions\/735"}],"wp:attachment":[{"href":"https:\/\/www.nomadictotem.com\/en\/wp-json\/wp\/v2\/media?parent=22"}],"curies":[{"name":"wp","href":"https:\/\/api.w.org\/{rel}","templated":true}]}}