{"id":102,"date":"2025-06-11T13:33:41","date_gmt":"2025-06-11T19:33:41","guid":{"rendered":"https:\/\/nueva.nomadictotem.com\/?page_id=102"},"modified":"2025-07-29T00:00:00","modified_gmt":"2025-07-29T06:00:00","slug":"our-tribe","status":"publish","type":"page","link":"https:\/\/www.nomadictotem.com\/en\/our-tribe\/","title":{"rendered":"| Our Tribe |"},"content":{"rendered":"<p>[et_pb_section fb_built=&#8221;1&#8243; _builder_version=&#8221;4.27.4&#8243; _module_preset=&#8221;default&#8221; custom_padding=&#8221;0px||0px|||&#8221; global_colors_info=&#8221;{}&#8221;][et_pb_row _builder_version=&#8221;4.27.4&#8243; _module_preset=&#8221;default&#8221; custom_padding=&#8221;0px|||||&#8221; global_colors_info=&#8221;{}&#8221;][et_pb_column type=&#8221;4_4&#8243; _builder_version=&#8221;4.27.4&#8243; _module_preset=&#8221;default&#8221; global_colors_info=&#8221;{}&#8221;][et_pb_image src=&#8221;https:\/\/nueva.nomadictotem.com\/wp-content\/uploads\/2025\/06\/otr_001.jpg&#8221; title_text=&#8221;otr_001&#8243; _builder_version=&#8221;4.27.4&#8243; _module_preset=&#8221;default&#8221; global_colors_info=&#8221;{}&#8221;][\/et_pb_image][\/et_pb_column][\/et_pb_row][et_pb_row column_structure=&#8221;1_2,1_2&#8243; _builder_version=&#8221;4.27.4&#8243; _module_preset=&#8221;default&#8221; global_colors_info=&#8221;{}&#8221;][et_pb_column type=&#8221;1_2&#8243; _builder_version=&#8221;4.27.4&#8243; _module_preset=&#8221;default&#8221; global_colors_info=&#8221;{}&#8221;][et_pb_text _builder_version=&#8221;4.27.4&#8243; _module_preset=&#8221;default&#8221; text_font_size=&#8221;17px&#8221; custom_padding=&#8221;20px|20px|20px|20px|true|true&#8221; global_colors_info=&#8221;{}&#8221;]<\/p>\n<h2><span style=\"color: #9b274a; font-size: 32px;\">nom\u00e1dic t\u00f3tem<\/span><\/h2>\n<p style=\"text-align: justify;\">Nomadic Totem was born from the creative idea of connecting travelers with luxury experiences in an organic and authentic way, deeply rooted in the local community.<\/p>\n<p style=\"text-align: justify;\">We oer corporate events with immersive curation, providing an all-in-one solution aligned with each company\u2019s goals\u2014creating a new form of collective integration.<\/p>\n<p style=\"text-align: justify;\">We cater to travelers and collaborators who seek meaningful connections with the community, beyond mass tourism. Through their journeys and\nevents, we oer a new way to support artisans, chefs, historians, and local artists who are part of our tribe.<\/p>\n<p style=\"text-align: justify;\">We have built a network of exclusive venues and hidden talent, allowing us to design our own experiences with a unique, creative, and authentic narrative\u2014always guided by the belief that local is the new luxury.<\/p>\n<p>[\/et_pb_text][\/et_pb_column][et_pb_column type=&#8221;1_2&#8243; _builder_version=&#8221;4.27.4&#8243; _module_preset=&#8221;default&#8221; global_colors_info=&#8221;{}&#8221;][et_pb_image src=&#8221;https:\/\/nueva.nomadictotem.com\/wp-content\/uploads\/2025\/06\/otr_002.jpeg&#8221; title_text=&#8221;otr_002&#8243; _builder_version=&#8221;4.27.4&#8243; _module_preset=&#8221;default&#8221; custom_padding=&#8221;20px|20px|20px|20px|true|true&#8221; global_colors_info=&#8221;{}&#8221;][\/et_pb_image][\/et_pb_column][\/et_pb_row][et_pb_row column_structure=&#8221;1_2,1_2&#8243; _builder_version=&#8221;4.27.4&#8243; _module_preset=&#8221;default&#8221; locked=&#8221;off&#8221; global_colors_info=&#8221;{}&#8221;][et_pb_column type=&#8221;1_2&#8243; _builder_version=&#8221;4.27.4&#8243; _module_preset=&#8221;default&#8221; global_colors_info=&#8221;{}&#8221;][et_pb_image src=&#8221;https:\/\/nueva.nomadictotem.com\/wp-content\/uploads\/2025\/06\/otr_003.jpeg&#8221; title_text=&#8221;otr_003&#8243; _builder_version=&#8221;4.27.4&#8243; _module_preset=&#8221;default&#8221; custom_padding=&#8221;20px|20px|20px|20px|true|true&#8221; global_colors_info=&#8221;{}&#8221;][\/et_pb_image][\/et_pb_column][et_pb_column type=&#8221;1_2&#8243; _builder_version=&#8221;4.27.4&#8243; _module_preset=&#8221;default&#8221; global_colors_info=&#8221;{}&#8221;][et_pb_text _builder_version=&#8221;4.27.4&#8243; _module_preset=&#8221;default&#8221; text_font_size=&#8221;17px&#8221; custom_padding=&#8221;20px|20px|20px|20px|true|true&#8221; global_colors_info=&#8221;{}&#8221;]<\/p>\n<h2><span style=\"color: #9b274a; font-size: 32px;\">enjoy it locally... explore it... experience it... savor it and share it.<\/span><\/h2>\n<p style=\"text-align: justify;\">Our tribe was born from the fun friendship between an event planning specialist and a globe-trotting hotelier.<\/p>\n<p style=\"text-align: justify;\">Ana Repetto, CFO \u2014 Chief.Creative.Cheerleader \u2014\nand C\u00e9sar Castrej\u00f3n, CEO \u2014 Chief.Insider.Troublemaker \u2014 bring together decades of experience in group planning and operations, ultra-luxury hospitality, and the design of high-end gastronomic experiences. Both proudly Mexican, they promote their culture, destinations, flavors, and traditions with deep respect and admiration for Mexico.<\/p>\n<p style=\"text-align: justify;\">\n<p style=\"text-align: justify;\">They are joined by the Nomadic Gurus, who contribute their expertise in key areas such as hospitality, luxury travel, group and event operations, incentive curation, holistic gastronomy,\nconcierge services, marketing, and sales. A creative world around one table, bringing everything needed to build a tribe that complements and nourishes itself.<\/p>\n<p>[\/et_pb_text][\/et_pb_column][\/et_pb_row][et_pb_row column_structure=&#8221;1_2,1_2&#8243; _builder_version=&#8221;4.27.4&#8243; _module_preset=&#8221;default&#8221; custom_padding=&#8221;||4px|||&#8221; locked=&#8221;off&#8221; global_colors_info=&#8221;{}&#8221;][et_pb_column type=&#8221;1_2&#8243; _builder_version=&#8221;4.27.4&#8243; _module_preset=&#8221;default&#8221; global_colors_info=&#8221;{}&#8221;][et_pb_text _builder_version=&#8221;4.27.4&#8243; _module_preset=&#8221;default&#8221; text_font_size=&#8221;17px&#8221; custom_padding=&#8221;20px|20px|20px|20px|true|true&#8221; global_colors_info=&#8221;{}&#8221;]<\/p>\n<h2><\/h2>\n<p style=\"text-align: justify;\">\n<p style=\"text-align: justify;\">\n<p style=\"text-align: justify;\">\n<p style=\"text-align: justify;\">\n<p style=\"text-align: justify;\">At Nom\u00e1dic T\u00f3tem we  believe that the only way to really get to know a destination is through the local, exploring, living it, tasting it... and sharing it!!<\/p>\n<p style=\"text-align: justify;\">Get lost and reinvent yourself in a new culture with us.<\/p>\n<p style=\"text-align: justify;\">Be part of our tribe, be local, be a community, , be Nom\u00e1dic T\u00f3tem... just.<\/p>\n<p>[\/et_pb_text][\/et_pb_column][et_pb_column type=&#8221;1_2&#8243; _builder_version=&#8221;4.27.4&#8243; _module_preset=&#8221;default&#8221; global_colors_info=&#8221;{}&#8221;][et_pb_image src=&#8221;https:\/\/nueva.nomadictotem.com\/wp-content\/uploads\/2025\/06\/otr_003.jpg&#8221; title_text=&#8221;otr_002&#8243; _builder_version=&#8221;4.27.4&#8243; _module_preset=&#8221;default&#8221; custom_padding=&#8221;20px|20px|20px|20px|true|true&#8221; global_colors_info=&#8221;{}&#8221;][\/et_pb_image][\/et_pb_column][\/et_pb_row][et_pb_row _builder_version=&#8221;4.27.4&#8243; _module_preset=&#8221;default&#8221; global_colors_info=&#8221;{}&#8221;][et_pb_column type=&#8221;4_4&#8243; _builder_version=&#8221;4.27.4&#8243; _module_preset=&#8221;default&#8221; global_colors_info=&#8221;{}&#8221;][et_pb_text _builder_version=&#8221;4.27.4&#8243; _module_preset=&#8221;default&#8221; header_3_font=&#8221;|300|||||||&#8221; header_3_text_color=&#8221;#9b2949&#8243; header_3_font_size=&#8221;32px&#8221; header_4_font=&#8221;|300|||||||&#8221; header_4_text_color=&#8221;#828c67&#8243; header_4_font_size=&#8221;30px&#8221; header_5_font=&#8221;|300|||||||&#8221; header_5_text_color=&#8221;#9b2949&#8243; header_5_font_size=&#8221;34px&#8221; header_5_line_height=&#8221;1.2em&#8221; global_colors_info=&#8221;{}&#8221;]<\/p>\n<h4 style=\"text-align: center;\">What was the most meaningful local moment of your trip?...<\/h4>\n<p>&nbsp;<\/p>\n<p>[\/et_pb_text][\/et_pb_column][\/et_pb_row][et_pb_row _builder_version=&#8221;4.27.4&#8243; _module_preset=&#8221;default&#8221; custom_padding=&#8221;0px||0px|||&#8221; global_colors_info=&#8221;{}&#8221;][et_pb_column type=&#8221;4_4&#8243; _builder_version=&#8221;4.27.4&#8243; _module_preset=&#8221;default&#8221; global_colors_info=&#8221;{}&#8221;][et_pb_image src=&#8221;https:\/\/nueva.nomadictotem.com\/wp-content\/uploads\/2025\/06\/otr_005.jpg&#8221; _builder_version=&#8221;4.27.4&#8243; _module_preset=&#8221;default&#8221; global_colors_info=&#8221;{}&#8221;][\/et_pb_image][\/et_pb_column][\/et_pb_row][\/et_pb_section]<\/p>","protected":false},"excerpt":{"rendered":"<p>nom\u00e1dic t\u00f3tem Nomadic Totem nace de la idea creativa de conectar a los viajeros con experiencias de lujo, aut\u00e9nticas de forma org\u00e1nica y vinculadas con la comunidad local. Ofrecemos eventos corporativos con una curadur\u00eda inmersiva, como una soluci\u00f3n integral alineada con los objetivos de cada empresa, creando as\u00ed una nueva forma de integraci\u00f3n colectiva. Nos [&hellip;]<\/p>","protected":false},"author":1,"featured_media":0,"parent":0,"menu_order":0,"comment_status":"closed","ping_status":"closed","template":"","meta":{"_et_pb_use_builder":"on","_et_pb_old_content":"","_et_gb_content_width":"","footnotes":""},"class_list":["post-102","page","type-page","status-publish","hentry"],"_links":{"self":[{"href":"https:\/\/www.nomadictotem.com\/en\/wp-json\/wp\/v2\/pages\/102","targetHints":{"allow":["GET"]}}],"collection":[{"href":"https:\/\/www.nomadictotem.com\/en\/wp-json\/wp\/v2\/pages"}],"about":[{"href":"https:\/\/www.nomadictotem.com\/en\/wp-json\/wp\/v2\/types\/page"}],"author":[{"embeddable":true,"href":"https:\/\/www.nomadictotem.com\/en\/wp-json\/wp\/v2\/users\/1"}],"replies":[{"embeddable":true,"href":"https:\/\/www.nomadictotem.com\/en\/wp-json\/wp\/v2\/comments?post=102"}],"version-history":[{"count":13,"href":"https:\/\/www.nomadictotem.com\/en\/wp-json\/wp\/v2\/pages\/102\/revisions"}],"predecessor-version":[{"id":661,"href":"https:\/\/www.nomadictotem.com\/en\/wp-json\/wp\/v2\/pages\/102\/revisions\/661"}],"wp:attachment":[{"href":"https:\/\/www.nomadictotem.com\/en\/wp-json\/wp\/v2\/media?parent=102"}],"curies":[{"name":"wp","href":"https:\/\/api.w.org\/{rel}","templated":true}]}}